{"id":104,"date":"2017-09-29T20:23:55","date_gmt":"2017-09-29T18:23:55","guid":{"rendered":"http:\/\/bodenseetanzfest.de\/?page_id=104"},"modified":"2017-09-29T22:52:37","modified_gmt":"2017-09-29T20:52:37","slug":"impressum","status":"publish","type":"page","link":"https:\/\/bodenseetanzfest.de\/?page_id=104","title":{"rendered":"Impressum"},"content":{"rendered":"<p><span style=\"font-family: verdana,geneva,sans-serif;\">Bodenseetanzfest<\/span><br \/>\n<span style=\"font-family: verdana,geneva,sans-serif;\"> Koordinator<\/span><br \/>\n<span style=\"font-family: verdana,geneva,sans-serif;\"> Ernst Sch\u00e4ffler<\/span><br \/>\n<span style=\"font-family: verdana,geneva,sans-serif;\"> Am Hardt 18<\/span><br \/>\n<span style=\"font-family: verdana,geneva,sans-serif;\"> 88682 Salem<\/span><br \/>\n<span style=\"font-family: verdana,geneva,sans-serif;\"> E-Mail: botafe@schaeffler.biz<\/span><\/p>\n<h3><span style=\"font-family: verdana,geneva,sans-serif;\">Hinweis zur Haftung:<\/span><\/h3>\n<p><span style=\"font-family: verdana,geneva,sans-serif;\">Der Koordinator des Bodenseetanzfestes \u00fcbernimmt trotz eingehender \u00dcberpr\u00fcfung keine Haftung f\u00fcr die Inhalte weiterf\u00fchrender Links. F\u00fcr den Inhalt der verlinkten Seiten sind alleinig deren Betreiber verantwortlich.<\/span><\/p>\n","protected":false},"excerpt":{"rendered":"<p>Bodenseetanzfest Koordinator Ernst Sch\u00e4ffler Am Hardt 18 88682 Salem E-Mail: botafe@schaeffler.biz Hinweis zur Haftung: Der Koordinator des Bodenseetanzfestes \u00fcbernimmt trotz eingehender \u00dcberpr\u00fcfung keine Haftung f\u00fcr die Inhalte&hellip; <span class=\"read-more\"><a class=\"more-link\" href=\"https:\/\/bodenseetanzfest.de\/?page_id=104\" rel=\"bookmark\"><span class=\"screen-reader-text\">&#8222;Impressum&#8220;<\/span> weiterlesen<\/a><\/span><\/p>\n","protected":false},"author":1,"featured_media":0,"parent":0,"menu_order":0,"comment_status":"closed","ping_status":"closed","template":"","meta":{"footnotes":""},"class_list":["post-104","page","type-page","status-publish","hentry"],"_links":{"self":[{"href":"https:\/\/bodenseetanzfest.de\/index.php?rest_route=\/wp\/v2\/pages\/104","targetHints":{"allow":["GET"]}}],"collection":[{"href":"https:\/\/bodenseetanzfest.de\/index.php?rest_route=\/wp\/v2\/pages"}],"about":[{"href":"https:\/\/bodenseetanzfest.de\/index.php?rest_route=\/wp\/v2\/types\/page"}],"author":[{"embeddable":true,"href":"https:\/\/bodenseetanzfest.de\/index.php?rest_route=\/wp\/v2\/users\/1"}],"replies":[{"embeddable":true,"href":"https:\/\/bodenseetanzfest.de\/index.php?rest_route=%2Fwp%2Fv2%2Fcomments&post=104"}],"version-history":[{"count":0,"href":"https:\/\/bodenseetanzfest.de\/index.php?rest_route=\/wp\/v2\/pages\/104\/revisions"}],"wp:attachment":[{"href":"https:\/\/bodenseetanzfest.de\/index.php?rest_route=%2Fwp%2Fv2%2Fmedia&parent=104"}],"curies":[{"name":"wp","href":"https:\/\/api.w.org\/{rel}","templated":true}]}}